{"id":5,"date":"2020-01-06T05:41:09","date_gmt":"2020-01-06T05:41:09","guid":{"rendered":"http:\/\/localhost\/khan\/cannabistheme\/?page_id=5"},"modified":"2021-06-28T17:10:24","modified_gmt":"2021-06-28T15:10:24","slug":"home","status":"publish","type":"page","link":"https:\/\/huitres3b.com\/","title":{"rendered":"Home"},"content":{"rendered":"\t\t<div data-elementor-type=\"wp-page\" data-elementor-id=\"5\" class=\"elementor elementor-5\" data-elementor-settings=\"[]\">\n\t\t\t\t\t\t\t<div class=\"elementor-section-wrap\">\n\t\t\t\t\t\t\t<section class=\"elementor-section elementor-top-section elementor-element elementor-element-58d5f02 elementor-section-full_width elementor-section-height-default elementor-section-height-default\" data-id=\"58d5f02\" data-element_type=\"section\" data-settings=\"{&quot;background_background&quot;:&quot;classic&quot;}\">\n\t\t\t\t\t\t<div class=\"elementor-container elementor-column-gap-default\">\n\t\t\t\t\t<div class=\"elementor-column elementor-col-100 elementor-top-column elementor-element elementor-element-36091b2\" data-id=\"36091b2\" data-element_type=\"column\" data-settings=\"{&quot;background_background&quot;:&quot;classic&quot;}\">\n\t\t\t<div class=\"elementor-widget-wrap elementor-element-populated\">\n\t\t\t\t\t\t\t\t<div class=\"elementor-element elementor-element-cbdb600 elementor-widget elementor-widget-spacer\" data-id=\"cbdb600\" data-element_type=\"widget\" data-widget_type=\"spacer.default\">\n\t\t\t\t<div class=\"elementor-widget-container\">\n\t\t\t\t\t<div class=\"elementor-spacer\">\n\t\t\t<div class=\"elementor-spacer-inner\"><\/div>\n\t\t<\/div>\n\t\t\t\t<\/div>\n\t\t\t\t<\/div>\n\t\t\t\t<section class=\"elementor-section elementor-inner-section elementor-element elementor-element-e12492b elementor-section-content-middle elementor-section-boxed elementor-section-height-default elementor-section-height-default\" data-id=\"e12492b\" data-element_type=\"section\" data-settings=\"{&quot;background_background&quot;:&quot;slideshow&quot;,&quot;background_slideshow_gallery&quot;:[],&quot;background_slideshow_loop&quot;:&quot;yes&quot;,&quot;background_slideshow_slide_duration&quot;:5000,&quot;background_slideshow_slide_transition&quot;:&quot;fade&quot;,&quot;background_slideshow_transition_duration&quot;:500}\">\n\t\t\t\t\t\t<div class=\"elementor-container elementor-column-gap-default\">\n\t\t\t\t\t<div class=\"elementor-column elementor-col-50 elementor-inner-column elementor-element elementor-element-66335a7 elementor-invisible\" data-id=\"66335a7\" data-element_type=\"column\" data-settings=\"{&quot;animation&quot;:&quot;fadeInLeft&quot;}\">\n\t\t\t<div class=\"elementor-widget-wrap elementor-element-populated\">\n\t\t\t\t\t\t\t\t<div class=\"elementor-element elementor-element-2c0fa70 elementor-widget elementor-widget-image\" data-id=\"2c0fa70\" data-element_type=\"widget\" data-widget_type=\"image.default\">\n\t\t\t\t<div class=\"elementor-widget-container\">\n\t\t\t\t\t\t\t\t\t\t\t\t\t\t\t<img loading=\"lazy\" decoding=\"async\" width=\"525\" height=\"264\" src=\"https:\/\/huitres3b.com\/wp-content\/uploads\/2021\/04\/img15.png\" class=\"attachment-large size-large\" alt=\"\" srcset=\"https:\/\/huitres3b.com\/wp-content\/uploads\/2021\/04\/img15.png 597w, https:\/\/huitres3b.com\/wp-content\/uploads\/2021\/04\/img15-300x151.png 300w\" sizes=\"auto, 100vw\" \/>\t\t\t\t\t\t\t\t\t\t\t\t\t\t\t<\/div>\n\t\t\t\t<\/div>\n\t\t\t\t\t<\/div>\n\t\t<\/div>\n\t\t\t\t<div class=\"elementor-column elementor-col-50 elementor-inner-column elementor-element elementor-element-7597c1b elementor-invisible\" data-id=\"7597c1b\" data-element_type=\"column\" data-settings=\"{&quot;animation&quot;:&quot;fadeIn&quot;}\">\n\t\t\t<div class=\"elementor-widget-wrap elementor-element-populated\">\n\t\t\t\t\t\t\t\t<div class=\"elementor-element elementor-element-d6e47e1 headings elementor-widget elementor-widget-heading\" data-id=\"d6e47e1\" data-element_type=\"widget\" data-widget_type=\"heading.default\">\n\t\t\t\t<div class=\"elementor-widget-container\">\n\t\t\t<h2 class=\"elementor-heading-title elementor-size-default\">Venez D\u00e9couvrir<\/h2>\t\t<\/div>\n\t\t\t\t<\/div>\n\t\t\t\t<div class=\"elementor-element elementor-element-3889d2e elementor-widget elementor-widget-heading\" data-id=\"3889d2e\" data-element_type=\"widget\" data-widget_type=\"heading.default\">\n\t\t\t\t<div class=\"elementor-widget-container\">\n\t\t\t<h2 class=\"elementor-heading-title elementor-size-default\">L'EARL 3B<\/h2>\t\t<\/div>\n\t\t\t\t<\/div>\n\t\t\t\t<div class=\"elementor-element elementor-element-5237d4e elementor-widget elementor-widget-heading\" data-id=\"5237d4e\" data-element_type=\"widget\" data-widget_type=\"heading.default\">\n\t\t\t\t<div class=\"elementor-widget-container\">\n\t\t\t<h6 class=\"elementor-heading-title elementor-size-default\">3\u00e8me g\u00e9n\u00e9ration de \"parqueurs\"<\/h6>\t\t<\/div>\n\t\t\t\t<\/div>\n\t\t\t\t<div class=\"elementor-element elementor-element-617ddd5 elementor-widget elementor-widget-text-editor\" data-id=\"617ddd5\" data-element_type=\"widget\" data-widget_type=\"text-editor.default\">\n\t\t\t\t<div class=\"elementor-widget-container\">\n\t\t\t\t\t\t\t\t<div id=\"comp-jcrfk9qj2\" class=\"vU_aM\"><div class=\"\" data-mesh-id=\"comp-jcrfk9qj2inlineContent\" data-testid=\"inline-content\"><div data-mesh-id=\"comp-jcrfk9qj2inlineContent-gridContainer\" data-testid=\"mesh-container-content\"><div id=\"comp-jcrfk9qk\" class=\"_1Z_nJ\" data-testid=\"richTextElement\"><p class=\"font_8\"><span class=\"color_14\">Fond\u00e9e en 1946 par Jean BIDART, \u00e0 qui lui succ\u00e8de Michel, son fils, l&rsquo;entreprise \u00e9volue et se d\u00e9veloppe. Soucieux de transmettre son savoir, Michel donne le flambeau \u00e0 ses deux fils, Laurent et Cyril qui prennent la gestion de l&rsquo;entreprise en 2000 et cr\u00e9ent les 3B<\/span><\/p><p class=\"font_8\"><span class=\"color_14\">Longtemps, le fils et les petits enfants ont accompagn\u00e9 le grand p\u00e8re, Parqueur inconditionnel, qui a certainement par son histoire et ses nombreuses anecdotes, vaccin\u00e9 sa descendance \u00ab au jus dhu\u00eetres \u00bb lors des grandes mar\u00e9es.<\/span><span style=\"color: var( --e-global-color-text ); font-family: var( --e-global-typography-text-font-family ), Sans-serif; letter-spacing: 0.1px;\">\u00a0<\/span><\/p><\/div><\/div><\/div><\/div>\t\t\t\t\t\t<\/div>\n\t\t\t\t<\/div>\n\t\t\t\t<div class=\"elementor-element elementor-element-1d45cb6 width200 elementor-invisible elementor-widget elementor-widget-button\" data-id=\"1d45cb6\" data-element_type=\"widget\" data-settings=\"{&quot;_animation&quot;:&quot;fadeInUp&quot;}\" data-widget_type=\"button.default\">\n\t\t\t\t<div class=\"elementor-widget-container\">\n\t\t\t\t\t<div class=\"elementor-button-wrapper\">\n\t\t\t<a href=\"#\" class=\"elementor-button-link elementor-button elementor-size-md\" role=\"button\">\n\t\t\t\t\t\t<span class=\"elementor-button-content-wrapper\">\n\t\t\t\t\t\t<span class=\"elementor-button-text\">PLUS D'INFOS<\/span>\n\t\t<\/span>\n\t\t\t\t\t<\/a>\n\t\t<\/div>\n\t\t\t\t<\/div>\n\t\t\t\t<\/div>\n\t\t\t\t\t<\/div>\n\t\t<\/div>\n\t\t\t\t\t\t\t<\/div>\n\t\t<\/section>\n\t\t\t\t<div class=\"elementor-element elementor-element-d35d5b1 elementor-widget elementor-widget-spacer\" data-id=\"d35d5b1\" data-element_type=\"widget\" data-widget_type=\"spacer.default\">\n\t\t\t\t<div class=\"elementor-widget-container\">\n\t\t\t\t\t<div class=\"elementor-spacer\">\n\t\t\t<div class=\"elementor-spacer-inner\"><\/div>\n\t\t<\/div>\n\t\t\t\t<\/div>\n\t\t\t\t<\/div>\n\t\t\t\t\t<\/div>\n\t\t<\/div>\n\t\t\t\t\t\t\t<\/div>\n\t\t<\/section>\n\t\t\t\t<section class=\"elementor-section elementor-top-section elementor-element elementor-element-49cc576 elementor-section-boxed elementor-section-height-default elementor-section-height-default\" data-id=\"49cc576\" data-element_type=\"section\" data-settings=\"{&quot;background_background&quot;:&quot;classic&quot;}\">\n\t\t\t\t\t\t<div class=\"elementor-container elementor-column-gap-default\">\n\t\t\t\t\t<div class=\"elementor-column elementor-col-100 elementor-top-column elementor-element elementor-element-90f369e\" data-id=\"90f369e\" data-element_type=\"column\">\n\t\t\t<div class=\"elementor-widget-wrap elementor-element-populated\">\n\t\t\t\t\t\t\t\t<div class=\"elementor-element elementor-element-d1186cd elementor-widget elementor-widget-spacer\" data-id=\"d1186cd\" data-element_type=\"widget\" data-widget_type=\"spacer.default\">\n\t\t\t\t<div class=\"elementor-widget-container\">\n\t\t\t\t\t<div class=\"elementor-spacer\">\n\t\t\t<div class=\"elementor-spacer-inner\"><\/div>\n\t\t<\/div>\n\t\t\t\t<\/div>\n\t\t\t\t<\/div>\n\t\t\t\t<div class=\"elementor-element elementor-element-12572c6 headings elementor-invisible elementor-widget elementor-widget-heading\" data-id=\"12572c6\" data-element_type=\"widget\" data-settings=\"{&quot;_animation&quot;:&quot;fadeIn&quot;}\" data-widget_type=\"heading.default\">\n\t\t\t\t<div class=\"elementor-widget-container\">\n\t\t\t<h2 class=\"elementor-heading-title elementor-size-default\">Chez Bidart<\/h2>\t\t<\/div>\n\t\t\t\t<\/div>\n\t\t\t\t<div class=\"elementor-element elementor-element-6998e82 elementor-invisible elementor-widget elementor-widget-heading\" data-id=\"6998e82\" data-element_type=\"widget\" data-settings=\"{&quot;_animation&quot;:&quot;fadeIn&quot;}\" data-widget_type=\"heading.default\">\n\t\t\t\t<div class=\"elementor-widget-container\">\n\t\t\t<h2 class=\"elementor-heading-title elementor-size-default\">VENEZ DEGUSTER<\/h2>\t\t<\/div>\n\t\t\t\t<\/div>\n\t\t\t\t<section class=\"elementor-section elementor-inner-section elementor-element elementor-element-ea966c1 elementor-section-content-middle elementor-section-boxed elementor-section-height-default elementor-section-height-default\" data-id=\"ea966c1\" data-element_type=\"section\">\n\t\t\t\t\t\t<div class=\"elementor-container elementor-column-gap-default\">\n\t\t\t\t\t<div class=\"elementor-column elementor-col-50 elementor-inner-column elementor-element elementor-element-455c871 elementor-invisible\" data-id=\"455c871\" data-element_type=\"column\" data-settings=\"{&quot;animation&quot;:&quot;fadeInLeft&quot;}\">\n\t\t\t<div class=\"elementor-widget-wrap elementor-element-populated\">\n\t\t\t\t\t\t\t\t<div class=\"elementor-element elementor-element-4bc1072 elementor-widget elementor-widget-image\" data-id=\"4bc1072\" data-element_type=\"widget\" data-widget_type=\"image.default\">\n\t\t\t\t<div class=\"elementor-widget-container\">\n\t\t\t\t\t\t\t\t\t\t\t\t\t\t\t<img loading=\"lazy\" decoding=\"async\" width=\"525\" height=\"524\" src=\"https:\/\/huitres3b.com\/wp-content\/uploads\/2021\/04\/Capture10.png\" class=\"attachment-large size-large\" alt=\"\" srcset=\"https:\/\/huitres3b.com\/wp-content\/uploads\/2021\/04\/Capture10.png 827w, https:\/\/huitres3b.com\/wp-content\/uploads\/2021\/04\/Capture10-300x300.png 300w, https:\/\/huitres3b.com\/wp-content\/uploads\/2021\/04\/Capture10-150x150.png 150w, https:\/\/huitres3b.com\/wp-content\/uploads\/2021\/04\/Capture10-768x767.png 768w, https:\/\/huitres3b.com\/wp-content\/uploads\/2021\/04\/Capture10-100x100.png 100w, https:\/\/huitres3b.com\/wp-content\/uploads\/2021\/04\/Capture10-600x599.png 600w\" sizes=\"auto, 100vw\" \/>\t\t\t\t\t\t\t\t\t\t\t\t\t\t\t<\/div>\n\t\t\t\t<\/div>\n\t\t\t\t\t<\/div>\n\t\t<\/div>\n\t\t\t\t<div class=\"elementor-column elementor-col-50 elementor-inner-column elementor-element elementor-element-9ce31c6\" data-id=\"9ce31c6\" data-element_type=\"column\">\n\t\t\t<div class=\"elementor-widget-wrap elementor-element-populated\">\n\t\t\t\t\t\t\t\t<div class=\"elementor-element elementor-element-d5ac8cd elementor-invisible elementor-widget elementor-widget-text-editor\" data-id=\"d5ac8cd\" data-element_type=\"widget\" data-settings=\"{&quot;_animation&quot;:&quot;fadeInUp&quot;}\" data-widget_type=\"text-editor.default\">\n\t\t\t\t<div class=\"elementor-widget-container\">\n\t\t\t\t\t\t\t\t<p>Venez d\u00e9guster nos hu\u00eetres du Grand Banc ouvertes sous vos yeux accompagn\u00e9s <br \/>de crevettes de premier choix, de bulots, de bigorneaux, de nos p\u00e2t\u00e9s de la r\u00e9gion et <br \/>de nos vins Bordelais. <\/p>\t\t\t\t\t\t<\/div>\n\t\t\t\t<\/div>\n\t\t\t\t<div class=\"elementor-element elementor-element-b411ce1 width200 elementor-invisible elementor-widget elementor-widget-button\" data-id=\"b411ce1\" data-element_type=\"widget\" data-settings=\"{&quot;_animation&quot;:&quot;fadeInUp&quot;}\" data-widget_type=\"button.default\">\n\t\t\t\t<div class=\"elementor-widget-container\">\n\t\t\t\t\t<div class=\"elementor-button-wrapper\">\n\t\t\t<a href=\"#\" class=\"elementor-button-link elementor-button elementor-size-md\" role=\"button\">\n\t\t\t\t\t\t<span class=\"elementor-button-content-wrapper\">\n\t\t\t\t\t\t<span class=\"elementor-button-text\">PLUS D'INFOS<\/span>\n\t\t<\/span>\n\t\t\t\t\t<\/a>\n\t\t<\/div>\n\t\t\t\t<\/div>\n\t\t\t\t<\/div>\n\t\t\t\t\t<\/div>\n\t\t<\/div>\n\t\t\t\t\t\t\t<\/div>\n\t\t<\/section>\n\t\t\t\t<div class=\"elementor-element elementor-element-aabc635 elementor-widget elementor-widget-spacer\" data-id=\"aabc635\" data-element_type=\"widget\" data-widget_type=\"spacer.default\">\n\t\t\t\t<div class=\"elementor-widget-container\">\n\t\t\t\t\t<div class=\"elementor-spacer\">\n\t\t\t<div class=\"elementor-spacer-inner\"><\/div>\n\t\t<\/div>\n\t\t\t\t<\/div>\n\t\t\t\t<\/div>\n\t\t\t\t\t<\/div>\n\t\t<\/div>\n\t\t\t\t\t\t\t<\/div>\n\t\t<\/section>\n\t\t\t\t<section class=\"elementor-section elementor-top-section elementor-element elementor-element-1017620 elementor-section-height-min-height subscribe-section elementor-section-boxed elementor-section-height-default elementor-section-items-middle\" data-id=\"1017620\" data-element_type=\"section\" data-settings=\"{&quot;background_background&quot;:&quot;classic&quot;}\">\n\t\t\t\t\t\t\t<div class=\"elementor-background-overlay\"><\/div>\n\t\t\t\t\t\t\t<div class=\"elementor-container elementor-column-gap-default\">\n\t\t\t\t\t<div class=\"elementor-column elementor-col-100 elementor-top-column elementor-element elementor-element-3f41553\" data-id=\"3f41553\" data-element_type=\"column\">\n\t\t\t<div class=\"elementor-widget-wrap elementor-element-populated\">\n\t\t\t\t\t\t\t\t<section class=\"elementor-section elementor-inner-section elementor-element elementor-element-f36800d elementor-section-boxed elementor-section-height-default elementor-section-height-default\" data-id=\"f36800d\" data-element_type=\"section\">\n\t\t\t\t\t\t<div class=\"elementor-container elementor-column-gap-default\">\n\t\t\t\t\t<div class=\"elementor-column elementor-col-50 elementor-inner-column elementor-element elementor-element-7172bb4\" data-id=\"7172bb4\" data-element_type=\"column\">\n\t\t\t<div class=\"elementor-widget-wrap elementor-element-populated\">\n\t\t\t\t\t\t\t\t<div class=\"elementor-element elementor-element-43b36e9 elementor-widget elementor-widget-image\" data-id=\"43b36e9\" data-element_type=\"widget\" data-widget_type=\"image.default\">\n\t\t\t\t<div class=\"elementor-widget-container\">\n\t\t\t\t\t\t\t\t\t\t\t\t\t\t\t<img loading=\"lazy\" decoding=\"async\" width=\"300\" height=\"300\" src=\"https:\/\/huitres3b.com\/wp-content\/uploads\/2021\/04\/img5.png\" class=\"attachment-large size-large\" alt=\"\" srcset=\"https:\/\/huitres3b.com\/wp-content\/uploads\/2021\/04\/img5.png 300w, https:\/\/huitres3b.com\/wp-content\/uploads\/2021\/04\/img5-150x150.png 150w, https:\/\/huitres3b.com\/wp-content\/uploads\/2021\/04\/img5-100x100.png 100w\" sizes=\"auto, 100vw\" \/>\t\t\t\t\t\t\t\t\t\t\t\t\t\t\t<\/div>\n\t\t\t\t<\/div>\n\t\t\t\t\t<\/div>\n\t\t<\/div>\n\t\t\t\t<div class=\"elementor-column elementor-col-50 elementor-inner-column elementor-element elementor-element-2b8f594\" data-id=\"2b8f594\" data-element_type=\"column\">\n\t\t\t<div class=\"elementor-widget-wrap elementor-element-populated\">\n\t\t\t\t\t\t\t\t<div class=\"elementor-element elementor-element-d8a7d67 elementor-widget elementor-widget-image\" data-id=\"d8a7d67\" data-element_type=\"widget\" data-widget_type=\"image.default\">\n\t\t\t\t<div class=\"elementor-widget-container\">\n\t\t\t\t\t\t\t\t\t\t\t\t\t\t\t<img loading=\"lazy\" decoding=\"async\" width=\"300\" height=\"300\" src=\"https:\/\/huitres3b.com\/wp-content\/uploads\/2021\/04\/img13.png\" class=\"attachment-large size-large\" alt=\"\" srcset=\"https:\/\/huitres3b.com\/wp-content\/uploads\/2021\/04\/img13.png 300w, https:\/\/huitres3b.com\/wp-content\/uploads\/2021\/04\/img13-150x150.png 150w, https:\/\/huitres3b.com\/wp-content\/uploads\/2021\/04\/img13-100x100.png 100w\" sizes=\"auto, 100vw\" \/>\t\t\t\t\t\t\t\t\t\t\t\t\t\t\t<\/div>\n\t\t\t\t<\/div>\n\t\t\t\t\t<\/div>\n\t\t<\/div>\n\t\t\t\t\t\t\t<\/div>\n\t\t<\/section>\n\t\t\t\t\t<\/div>\n\t\t<\/div>\n\t\t\t\t\t\t\t<\/div>\n\t\t<\/section>\n\t\t\t\t\t\t<\/div>\n\t\t\t\t\t<\/div>\n\t\t","protected":false},"excerpt":{"rendered":"<p>Venez D\u00e9couvrir L&rsquo;EARL 3B 3\u00e8me g\u00e9n\u00e9ration de \u00ab\u00a0parqueurs\u00a0\u00bb Fond\u00e9e en 1946 par Jean BIDART, \u00e0 qui lui succ\u00e8de Michel, son fils, l&rsquo;entreprise \u00e9volue et se d\u00e9veloppe. Soucieux de transmettre son savoir, Michel donne le flambeau \u00e0 ses deux fils, Laurent et Cyril qui prennent la gestion de l&rsquo;entreprise en 2000 et cr\u00e9ent les 3B Longtemps, &hellip; <\/p>\n<p class=\"link-more\"><a href=\"https:\/\/huitres3b.com\/\" class=\"more-link\">Continue reading<span class=\"screen-reader-text\"> \u00ab\u00a0Home\u00a0\u00bb<\/span><\/a><\/p>\n","protected":false},"author":1,"featured_media":0,"parent":0,"menu_order":0,"comment_status":"closed","ping_status":"closed","template":"elementor_header_footer","meta":{"footnotes":""},"class_list":["post-5","page","type-page","status-publish","hentry"],"_links":{"self":[{"href":"https:\/\/huitres3b.com\/index.php?rest_route=\/wp\/v2\/pages\/5","targetHints":{"allow":["GET"]}}],"collection":[{"href":"https:\/\/huitres3b.com\/index.php?rest_route=\/wp\/v2\/pages"}],"about":[{"href":"https:\/\/huitres3b.com\/index.php?rest_route=\/wp\/v2\/types\/page"}],"author":[{"embeddable":true,"href":"https:\/\/huitres3b.com\/index.php?rest_route=\/wp\/v2\/users\/1"}],"replies":[{"embeddable":true,"href":"https:\/\/huitres3b.com\/index.php?rest_route=%2Fwp%2Fv2%2Fcomments&post=5"}],"version-history":[{"count":28,"href":"https:\/\/huitres3b.com\/index.php?rest_route=\/wp\/v2\/pages\/5\/revisions"}],"predecessor-version":[{"id":1978,"href":"https:\/\/huitres3b.com\/index.php?rest_route=\/wp\/v2\/pages\/5\/revisions\/1978"}],"wp:attachment":[{"href":"https:\/\/huitres3b.com\/index.php?rest_route=%2Fwp%2Fv2%2Fmedia&parent=5"}],"curies":[{"name":"wp","href":"https:\/\/api.w.org\/{rel}","templated":true}]}}